{"id":747,"date":"2025-03-04T15:00:11","date_gmt":"2025-03-04T15:00:11","guid":{"rendered":"https:\/\/bodrum-klimaservisi.com.tr\/?page_id=747"},"modified":"2025-03-04T15:00:11","modified_gmt":"2025-03-04T15:00:11","slug":"bodrum-chiller-servisi-0252-502-00-48","status":"publish","type":"page","link":"https:\/\/bodrum-klimaservisi.com.tr\/index.php\/bodrum-chiller-servisi-0252-502-00-48\/","title":{"rendered":"Bodrum Chiller Servisi 0252 502 00 48"},"content":{"rendered":"<p><img fetchpriority=\"high\" decoding=\"async\" class=\"alignnone size-full wp-image-623 aligncenter\" src=\"https:\/\/bodrum-klimaservisi.com.tr\/wp-content\/uploads\/2025\/02\/chiller-servisi.png\" alt=\"Bodrum Chiller Servisi\" width=\"1640\" height=\"924\" srcset=\"https:\/\/bodrum-klimaservisi.com.tr\/wp-content\/uploads\/2025\/02\/chiller-servisi.png 1640w, https:\/\/bodrum-klimaservisi.com.tr\/wp-content\/uploads\/2025\/02\/chiller-servisi-300x169.png 300w, https:\/\/bodrum-klimaservisi.com.tr\/wp-content\/uploads\/2025\/02\/chiller-servisi-1024x577.png 1024w, https:\/\/bodrum-klimaservisi.com.tr\/wp-content\/uploads\/2025\/02\/chiller-servisi-768x433.png 768w, https:\/\/bodrum-klimaservisi.com.tr\/wp-content\/uploads\/2025\/02\/chiller-servisi-1536x865.png 1536w, https:\/\/bodrum-klimaservisi.com.tr\/wp-content\/uploads\/2025\/02\/chiller-servisi-1000x563.png 1000w, https:\/\/bodrum-klimaservisi.com.tr\/wp-content\/uploads\/2025\/02\/chiller-servisi-230x130.png 230w, https:\/\/bodrum-klimaservisi.com.tr\/wp-content\/uploads\/2025\/02\/chiller-servisi-350x197.png 350w, https:\/\/bodrum-klimaservisi.com.tr\/wp-content\/uploads\/2025\/02\/chiller-servisi-480x270.png 480w\" sizes=\"(max-width: 1640px) 100vw, 1640px\" \/><\/p>\n<h1 data-start=\"0\" data-end=\"47\"><strong data-start=\"2\" data-end=\"45\"><span>Bodrum Chiller Servisi \u2013 0252 502 00 48<\/span><\/strong><\/h1>\n<p data-start=\"49\" data-end=\"443\"><span>B\u00fcy\u00fck sistem so\u011futma sistemleri aras\u0131nda yer alan <\/span><strong data-start=\"100\" data-end=\"121\"><span>chiller \u00fcniteleri<\/span><\/strong><span> , end\u00fcstriyel tesislerden, hastanelerden al\u0131\u015fveri\u015f merkezlerine kadar geni\u015f bir kullan\u0131m alan\u0131na sahiptir. <\/span><strong data-start=\"237\" data-end=\"263\"><span><a href=\"https:\/\/bodrum-klimaservisi.com.tr\/\">Bodrum<\/a> Chiller Servisi<\/span><\/strong><span> olarak, su so\u011futmal\u0131 ve hava so\u011futmal\u0131 chiller sonu\u00e7lar\u0131n\u0131n <\/span><strong data-start=\"325\" data-end=\"395\"><span>bak\u0131m\u0131, onar\u0131m\u0131, ar\u0131za tespiti, gaz \u015farj\u0131 ve periyodik kontrollerini<\/span><\/strong><span> profesyonel ekiplerimizle ger\u00e7ekle\u015ftiriyoruz<a href=\"http:\/\/www.google.com.tr\">.<\/a><\/span><\/p>\n<p data-start=\"445\" data-end=\"482\"><span>\ud83d\udcde <\/span><strong data-start=\"448\" data-end=\"480\"><span>Hemen Aray\u0131n: 0252 502 00 48<\/span><\/strong><\/p>\n<hr data-start=\"484\" data-end=\"487\" \/>\n<h2 data-start=\"489\" data-end=\"536\"><strong data-start=\"492\" data-end=\"534\"><span>Chiller Sistemleri ve \u00c7al\u0131\u015fma Prensipleri<\/span><\/strong><\/h2>\n<p data-start=\"538\" data-end=\"704\"><span>Chiller sistemleri, suyu veya bir so\u011futucu ak\u0131\u015fkan\u0131n belirli bir s\u0131cakl\u0131\u011fa kadar so\u011futulmas\u0131, <\/span><strong data-start=\"629\" data-end=\"701\"><span>havaland\u0131rma sistemlerine veya end\u00fcstriyel proseslere so\u011futma sa\u011flar<\/span><\/strong><span> .<\/span><\/p>\n<h3 data-start=\"706\" data-end=\"739\"><strong data-start=\"710\" data-end=\"737\"><span>1. Su So\u011futmal\u0131 Chiller<\/span><\/strong><\/h3>\n<ul data-start=\"740\" data-end=\"968\">\n<li data-start=\"740\" data-end=\"802\"><strong data-start=\"742\" data-end=\"800\"><span>So\u011futma i\u015flemi su bazl\u0131 bir sistemle devam eder.<\/span><\/strong><\/li>\n<li data-start=\"803\" data-end=\"856\"><strong data-start=\"805\" data-end=\"854\"><span>Kule suyu kullan\u0131larak kondenzasyon sa\u011flan\u0131r.<\/span><\/strong><\/li>\n<li data-start=\"857\" data-end=\"901\"><span>B\u00fcy\u00fck odalarda tercih edilir.<\/span><\/li>\n<li data-start=\"902\" data-end=\"968\"><strong data-start=\"904\" data-end=\"966\"><span>Daha y\u00fcksek verimlilik sa\u011flar, ancak su kulesi gerektirir.<\/span><\/strong><\/li>\n<\/ul>\n<h3 data-start=\"970\" data-end=\"1005\"><strong data-start=\"974\" data-end=\"1003\"><span>2. Hava So\u011futmal\u0131 Chiller<\/span><\/strong><\/h3>\n<ul data-start=\"1006\" data-end=\"1174\">\n<li data-start=\"1006\" data-end=\"1056\"><strong data-start=\"1008\" data-end=\"1054\"><span>D\u0131\u015f hava yoluyla kondenser so\u011futulur.<\/span><\/strong><\/li>\n<li data-start=\"1057\" data-end=\"1117\"><strong data-start=\"1059\" data-end=\"1115\"><span>Su kulesine ihtiya\u00e7 duymaz, bak\u0131m maliyetini d\u00fc\u015f\u00fcr\u00fcr.<\/span><\/strong><\/li>\n<li data-start=\"1118\" data-end=\"1174\"><span>Daha kompakt ve ta\u015f\u0131nabilir sistemler i\u00e7in uygundur.<\/span><\/li>\n<\/ul>\n<hr data-start=\"1176\" data-end=\"1179\" \/>\n<h2 data-start=\"1181\" data-end=\"1226\"><strong data-start=\"1184\" data-end=\"1224\"><span>Bodrum Chiller Servisi Hizmetlerimiz<\/span><\/strong><\/h2>\n<h3 data-start=\"1228\" data-end=\"1275\"><strong data-start=\"1232\" data-end=\"1273\"><span>1. Chiller Ar\u0131za ve Onar\u0131m Hizmetleri<\/span><\/strong><\/h3>\n<p data-start=\"1276\" data-end=\"1630\"><strong data-start=\"1276\" data-end=\"1331\"><span>Chiller sistemlerinde en s\u0131k talimatlar ar\u0131zalar:<\/span><\/strong><br data-start=\"1331\" data-end=\"1334\" \/><span> \u2705 <\/span><strong data-start=\"1336\" data-end=\"1359\"><span>Kompres\u00f6r ar\u0131zalar\u0131<\/span><\/strong><span> (motor yanma, a\u015f\u0131r\u0131 s\u0131cakl\u0131k, elektrik kesintileri) <\/span><br data-start=\"1411\" data-end=\"1414\" \/><span>\u2705 <\/span><strong data-start=\"1416\" data-end=\"1453\"><span>Kondenser ve evaporat\u00f6r k\u0131s\u0131tlamal\u0131<\/span><\/strong><span> (\u0131s\u0131 transfer d\u00fc\u015f\u00fckl\u00fc\u011f\u00fc) <\/span><br data-start=\"1479\" data-end=\"1482\" \/><span>\u2705 <\/span><strong data-start=\"1484\" data-end=\"1533\"><span>So\u011futucu gaz ka\u00e7a\u011f\u0131 ve d\u00fc\u015f\u00fck bas\u0131n\u00e7 sorunlar\u0131<\/span><\/strong><br data-start=\"1533\" data-end=\"1536\" \/><span> \u2705 <\/span><strong data-start=\"1538\" data-end=\"1583\"><span>Elektrik panosu ve kontrol kart\u0131 hatalar\u0131<\/span><\/strong><br data-start=\"1583\" data-end=\"1586\" \/><span> \u2705 <\/span><strong data-start=\"1588\" data-end=\"1628\"><span>Su s\u0131cakl\u0131\u011f\u0131 ve boru hatt\u0131 sorunlar\u0131<\/span><\/strong><\/p>\n<p data-start=\"1632\" data-end=\"1663\"><span>\ud83d\udd27 <\/span><strong data-start=\"1635\" data-end=\"1661\"><span>Ar\u0131za Tespiti ve \u00c7\u00f6z\u00fcm:<\/span><\/strong><\/p>\n<ul data-start=\"1664\" data-end=\"1960\">\n<li data-start=\"1664\" data-end=\"1716\"><strong data-start=\"1666\" data-end=\"1705\"><span>Termal kamera ile s\u0131cakl\u0131k kontrol\u00fc<\/span><\/strong><span> yap\u0131l\u0131r.<\/span><\/li>\n<li data-start=\"1717\" data-end=\"1789\"><strong data-start=\"1719\" data-end=\"1787\"><span>Gaz bas\u0131n\u00e7lar\u0131 \u00f6l\u00e7\u00fclerek ak\u0131\u015fkanlar\u0131n ka\u00e7a\u011f\u0131 kontrol edilir.<\/span><\/strong><\/li>\n<li data-start=\"1790\" data-end=\"1870\"><strong data-start=\"1792\" data-end=\"1868\"><span>Elektrik panosu ve otomasyon sistemi incelenerek sorunlar tespit edilir.<\/span><\/strong><\/li>\n<li data-start=\"1871\" data-end=\"1960\"><strong data-start=\"1873\" data-end=\"1958\"><span>Kompres\u00f6r, fan motorlar\u0131 ve pompa motorlar\u0131 test edilerek gerekli onar\u0131m yap\u0131l\u0131r.<\/span><\/strong><\/li>\n<\/ul>\n<hr data-start=\"1962\" data-end=\"1965\" \/>\n<h3 data-start=\"1967\" data-end=\"2014\"><strong data-start=\"1971\" data-end=\"2012\"><span>2. Chiller Periyodik Bak\u0131m Hizmetleri<\/span><\/strong><\/h3>\n<p data-start=\"2015\" data-end=\"2198\"><span>Chiller sistemlerinde d\u00fczenli bak\u0131m yap\u0131ld\u0131\u011f\u0131nda verim kayb\u0131 ya\u015fan\u0131r ve enerji t\u00fcketimi artar. <\/span><strong data-start=\"2112\" data-end=\"2196\"><span>Bodrum Chiller Bak\u0131m Servisi olarak ayl\u0131k ve y\u0131ll\u0131k bak\u0131m hizmetleri sunulmaktad\u0131r.<\/span><\/strong><\/p>\n<p data-start=\"2200\" data-end=\"2543\"><span>\ud83d\udd39 <\/span><strong data-start=\"2203\" data-end=\"2242\"><span>Chiller bak\u0131m\u0131nda yap\u0131lan i\u015flemler:<\/span><\/strong><br data-start=\"2242\" data-end=\"2245\" \/><span> \u2705 <\/span><strong data-start=\"2247\" data-end=\"2295\"><span>Kompres\u00f6r ya\u011f seviyesi ve bas\u0131n\u00e7 kontrolleri<\/span><\/strong><br data-start=\"2295\" data-end=\"2298\" \/><span> \u2705 <\/span><strong data-start=\"2300\" data-end=\"2340\"><span>So\u011futucu gaz \u015farj\u0131 ve ka\u00e7ak testleri<\/span><\/strong><br data-start=\"2340\" data-end=\"2343\" \/><span> \u2705 <\/span><strong data-start=\"2345\" data-end=\"2409\"><span>Elektrik ba\u011flant\u0131lar\u0131 ve otomasyon sonu\u00e7lar\u0131n\u0131n incelenmesi<\/span><\/strong><br data-start=\"2409\" data-end=\"2412\" \/><span> \u2705 <\/span><strong data-start=\"2414\" data-end=\"2447\"><span>Filtre ve serpantin temizli\u011fi<\/span><\/strong><br data-start=\"2447\" data-end=\"2450\" \/><span> \u2705 <\/span><strong data-start=\"2452\" data-end=\"2489\"><span>Kondenser ve evaporat\u00f6r temizli\u011fi<\/span><\/strong><br data-start=\"2489\" data-end=\"2492\" \/><span> \u2705 <\/span><strong data-start=\"2494\" data-end=\"2541\"><span>Sirk\u00fclasyon pompalar\u0131n\u0131n kontrol\u00fc ve<\/span><\/strong><\/p>\n<p data-start=\"2545\" data-end=\"2633\"><span>\u26a0 <\/span><strong data-start=\"2547\" data-end=\"2631\"><span>D\u00fczenli bak\u0131m ile so\u011futma sisteminizin \u00f6mr\u00fcn\u00fc uzat\u0131n, enerji tasarrufu sa\u011flay\u0131n!<\/span><\/strong><\/p>\n<hr data-start=\"2635\" data-end=\"2638\" \/>\n<h3 data-start=\"2640\" data-end=\"2700\"><strong data-start=\"2644\" data-end=\"2698\"><span>3. Chiller Gaz Dolumu ve So\u011futucu Ak\u0131\u015fkan De\u011fi\u015fimi<\/span><\/strong><\/h3>\n<p data-start=\"2701\" data-end=\"2783\"><span>So\u011futucu gaz ekslendi\u011finde sistem verimli \u00e7al\u0131\u015famaz ve yeterince so\u011futulamaz.<\/span><\/p>\n<p data-start=\"2785\" data-end=\"2832\"><span>\ud83d\udee0 <\/span><strong data-start=\"2788\" data-end=\"2830\"><span>Gaz dolumu s\u0131ras\u0131nda yap\u0131lan i\u015flemler:<\/span><\/strong><\/p>\n<ul data-start=\"2833\" data-end=\"3022\">\n<li data-start=\"2833\" data-end=\"2881\"><strong data-start=\"2835\" data-end=\"2879\"><span>Gaz\u0131n ka\u00e7a\u011f\u0131 olup olmad\u0131\u011f\u0131 kontrol edilir.<\/span><\/strong><\/li>\n<li data-start=\"2882\" data-end=\"2944\"><strong data-start=\"2884\" data-end=\"2942\"><span>R134a, R410a, R407c gibi uygun gazlarla dolum yap\u0131l\u0131r.<\/span><\/strong><\/li>\n<li data-start=\"2945\" data-end=\"3022\"><strong data-start=\"2947\" data-end=\"3020\"><span>Vakumlama i\u015fleminin ger\u00e7ekle\u015ftirilerek sistemin hava kalmamas\u0131 sa\u011flan\u0131r.<\/span><\/strong><\/li>\n<\/ul>\n<p data-start=\"3024\" data-end=\"3123\"><span>\ud83d\udea8 <\/span><strong data-start=\"3027\" data-end=\"3121\"><span>Gaz ka\u00e7a\u011f\u0131 tespitinde ka\u00e7ak noktalar\u0131 \u00f6zel cihazlarla belirlenip piyasaya s\u00fcr\u00fcl\u00fcr.<\/span><\/strong><\/p>\n<hr data-start=\"3125\" data-end=\"3128\" \/>\n<h3 data-start=\"3130\" data-end=\"3184\"><strong data-start=\"3134\" data-end=\"3182\"><span>4. Chiller Kondenser ve Evaporat\u00f6r Temizli\u011fi<\/span><\/strong><\/h3>\n<ul data-start=\"3185\" data-end=\"3327\">\n<li data-start=\"3185\" data-end=\"3271\"><strong data-start=\"3187\" data-end=\"3269\"><span>Kondenser serpantinleri t\u0131kan\u0131rsa \u0131s\u0131 transferi azal\u0131r ve sistem a\u015f\u0131r\u0131 \u0131s\u0131n\u0131r.<\/span><\/strong><\/li>\n<li data-start=\"3272\" data-end=\"3327\"><strong data-start=\"3274\" data-end=\"3325\"><span>Evaporat\u00f6r t\u0131kan\u0131rsa so\u011futma performans\u0131 d\u00fc\u015fer.<\/span><\/strong><\/li>\n<\/ul>\n<p data-start=\"3329\" data-end=\"3402\"><span>\ud83d\udee0 <\/span><strong data-start=\"3332\" data-end=\"3400\"><span>Kimyasal temizlik ve bug\u00fcn su ile detayl\u0131 temizlik yap\u0131yoruz!<\/span><\/strong><\/p>\n<hr data-start=\"3404\" data-end=\"3407\" \/>\n<h3 data-start=\"3409\" data-end=\"3476\"><strong data-start=\"3413\" data-end=\"3474\"><span>5. Chiller Kontrol Panosu ve Otomasyon Sistemlerinin Onar\u0131m\u0131<\/span><\/strong><\/h3>\n<ul data-start=\"3477\" data-end=\"3664\">\n<li data-start=\"3477\" data-end=\"3547\"><strong data-start=\"3479\" data-end=\"3545\"><span>Elektrik kartlar\u0131nda olu\u015fan ar\u0131zalar tespit edilerek onar\u0131l\u0131r.<\/span><\/strong><\/li>\n<li data-start=\"3548\" data-end=\"3596\"><strong data-start=\"3550\" data-end=\"3594\"><span>Otomasyon ve sens\u00f6rl\u00fc kontrolleri yap\u0131l\u0131r.<\/span><\/strong><\/li>\n<li data-start=\"3597\" data-end=\"3664\"><strong data-start=\"3599\" data-end=\"3662\"><span>Enerji t\u00fcketimi analizi verimli \u00e7al\u0131\u015fma sa\u011fland\u0131.<\/span><\/strong><\/li>\n<\/ul>\n<hr data-start=\"3666\" data-end=\"3669\" \/>\n<h2 data-start=\"3671\" data-end=\"3709\"><strong data-start=\"3674\" data-end=\"3707\"><span>Neden Bodrum Chiller Servisi?<\/span><\/strong><\/h2>\n<p data-start=\"3710\" data-end=\"4162\"><span>\u2714 <\/span><strong data-start=\"3712\" data-end=\"3735\"><span>Uzman Teknik Kadro:<\/span><\/strong><span> Alan\u0131nda uzman cihazlar\u0131m\u0131zla hizmet sunuyoruz. <\/span><br data-start=\"3787\" data-end=\"3790\" \/><span>\u2714 <\/span><strong data-start=\"3792\" data-end=\"3811\"><span>H\u0131zl\u0131 M\u00fcdahale:<\/span><\/strong><span> Bodrum&#8217;un her yerinde h\u0131zl\u0131 servis imkan\u0131. <\/span><br data-start=\"3867\" data-end=\"3870\" \/><span>\u2714 <\/span><strong data-start=\"3872\" data-end=\"3897\"><span>Yedek Orijinal Par\u00e7a:<\/span><\/strong><span> T\u00fcm bak\u0131m ve onar\u0131mlarda kaliteli ve garantili par\u00e7alar i\u00e7erir. <\/span><br data-start=\"3967\" data-end=\"3970\" \/><span>\u2714 <\/span><strong data-start=\"3972\" data-end=\"3988\"><span>7\/24 Servis:<\/span><\/strong><span> Acil ar\u0131zalar\u0131n\u0131z i\u00e7in haftan\u0131n her g\u00fcn\u00fcnde hizmet veriyoruz. <\/span><br data-start=\"4047\" data-end=\"4050\" \/><span>\u2714 <\/span><strong data-start=\"4052\" data-end=\"4073\"><span>Enerji Tasarrufu:<\/span><\/strong><span> Sistemlerinizi en y\u00fcksek verimlilikte \u00e7al\u0131\u015ft\u0131rarak enerji maliyetlerinizi d\u00fc\u015f\u00fcr\u00fcyoruz.<\/span><\/p>\n<p data-start=\"4164\" data-end=\"4265\" data-is-last-node=\"\" data-is-only-node=\"\"><span>\ud83d\udcde <\/span><strong data-start=\"4167\" data-end=\"4210\"><span>Bodrum Chiller Servisi \u2013 0252 502 00 48 <\/span><\/strong><br data-start=\"4210\" data-end=\"4213\" \/><strong data-start=\"4213\" data-end=\"4265\" data-is-last-node=\"\"><span>Profesyonel hizmet almak i\u00e7in hemen bizi aray\u0131n!<\/span><\/strong><\/p>\n","protected":false},"excerpt":{"rendered":"<p>Bodrum Chiller Servisi \u2013 0252 502 00 48 B\u00fcy\u00fck sistem so\u011futma sistemleri aras\u0131nda yer alan chiller \u00fcniteleri , end\u00fcstriyel tesislerden, hastanelerden al\u0131\u015fveri\u015f merkezlerine kadar geni\u015f [&hellip;]<\/p>\n","protected":false},"author":1,"featured_media":0,"parent":0,"menu_order":0,"comment_status":"closed","ping_status":"closed","template":"page-templates\/page_front-page.php","meta":{"footnotes":""},"class_list":["post-747","page","type-page","status-publish","hentry"],"yoast_head":"<!-- This site is optimized with the Yoast SEO plugin v27.3 - https:\/\/yoast.com\/product\/yoast-seo-wordpress\/ -->\n<title>Bodrum Chiller Servisi 0252 502 00 48 - Bodrum Klima Servisi<\/title>\n<meta name=\"description\" content=\"Bodrum Chiller Servisi 0252 502 00 48 Chiller Ar\u0131za ve Bak\u0131m Hizmetleri Servisi Ayn\u0131 G\u00fcn Hizmet 7x24 Destek 1 Y\u0131l \u0130\u015f\u00e7ilik ve Par\u00e7a Garantisi\" \/>\n<meta name=\"robots\" content=\"index, follow, max-snippet:-1, max-image-preview:large, max-video-preview:-1\" \/>\n<link rel=\"canonical\" href=\"https:\/\/bodrum-klimaservisi.com.tr\/index.php\/bodrum-chiller-servisi-0252-502-00-48\/\" \/>\n<meta property=\"og:locale\" content=\"tr_TR\" \/>\n<meta property=\"og:type\" content=\"article\" \/>\n<meta property=\"og:title\" content=\"Bodrum Chiller Servisi 0252 502 00 48 - Bodrum Klima Servisi\" \/>\n<meta property=\"og:description\" content=\"Bodrum Chiller Servisi 0252 502 00 48 Chiller Ar\u0131za ve Bak\u0131m Hizmetleri Servisi Ayn\u0131 G\u00fcn Hizmet 7x24 Destek 1 Y\u0131l \u0130\u015f\u00e7ilik ve Par\u00e7a Garantisi\" \/>\n<meta property=\"og:url\" content=\"https:\/\/bodrum-klimaservisi.com.tr\/index.php\/bodrum-chiller-servisi-0252-502-00-48\/\" \/>\n<meta property=\"og:site_name\" content=\"Bodrum Klima Servisi\" \/>\n<meta property=\"og:image\" content=\"https:\/\/bodrum-klimaservisi.com.tr\/wp-content\/uploads\/2025\/02\/chiller-servisi.png\" \/>\n\t<meta property=\"og:image:width\" content=\"1640\" \/>\n\t<meta property=\"og:image:height\" content=\"924\" \/>\n\t<meta property=\"og:image:type\" content=\"image\/png\" \/>\n<meta name=\"twitter:card\" content=\"summary_large_image\" \/>\n<meta name=\"twitter:label1\" content=\"Tahmini okuma s\u00fcresi\" \/>\n\t<meta name=\"twitter:data1\" content=\"4 dakika\" \/>\n<script type=\"application\/ld+json\" class=\"yoast-schema-graph\">{\"@context\":\"https:\\\/\\\/schema.org\",\"@graph\":[{\"@type\":\"WebPage\",\"@id\":\"https:\\\/\\\/bodrum-klimaservisi.com.tr\\\/index.php\\\/bodrum-chiller-servisi-0252-502-00-48\\\/\",\"url\":\"https:\\\/\\\/bodrum-klimaservisi.com.tr\\\/index.php\\\/bodrum-chiller-servisi-0252-502-00-48\\\/\",\"name\":\"Bodrum Chiller Servisi 0252 502 00 48 - Bodrum Klima Servisi\",\"isPartOf\":{\"@id\":\"https:\\\/\\\/bodrum-klimaservisi.com.tr\\\/#website\"},\"primaryImageOfPage\":{\"@id\":\"https:\\\/\\\/bodrum-klimaservisi.com.tr\\\/index.php\\\/bodrum-chiller-servisi-0252-502-00-48\\\/#primaryimage\"},\"image\":{\"@id\":\"https:\\\/\\\/bodrum-klimaservisi.com.tr\\\/index.php\\\/bodrum-chiller-servisi-0252-502-00-48\\\/#primaryimage\"},\"thumbnailUrl\":\"https:\\\/\\\/bodrum-klimaservisi.com.tr\\\/wp-content\\\/uploads\\\/2025\\\/02\\\/chiller-servisi.png\",\"datePublished\":\"2025-03-04T15:00:11+00:00\",\"description\":\"Bodrum Chiller Servisi 0252 502 00 48 Chiller Ar\u0131za ve Bak\u0131m Hizmetleri Servisi Ayn\u0131 G\u00fcn Hizmet 7x24 Destek 1 Y\u0131l \u0130\u015f\u00e7ilik ve Par\u00e7a Garantisi\",\"breadcrumb\":{\"@id\":\"https:\\\/\\\/bodrum-klimaservisi.com.tr\\\/index.php\\\/bodrum-chiller-servisi-0252-502-00-48\\\/#breadcrumb\"},\"inLanguage\":\"tr\",\"potentialAction\":[{\"@type\":\"ReadAction\",\"target\":[\"https:\\\/\\\/bodrum-klimaservisi.com.tr\\\/index.php\\\/bodrum-chiller-servisi-0252-502-00-48\\\/\"]}]},{\"@type\":\"ImageObject\",\"inLanguage\":\"tr\",\"@id\":\"https:\\\/\\\/bodrum-klimaservisi.com.tr\\\/index.php\\\/bodrum-chiller-servisi-0252-502-00-48\\\/#primaryimage\",\"url\":\"https:\\\/\\\/bodrum-klimaservisi.com.tr\\\/wp-content\\\/uploads\\\/2025\\\/02\\\/chiller-servisi.png\",\"contentUrl\":\"https:\\\/\\\/bodrum-klimaservisi.com.tr\\\/wp-content\\\/uploads\\\/2025\\\/02\\\/chiller-servisi.png\",\"width\":1640,\"height\":924,\"caption\":\"Bodrum Chiller Servisi\"},{\"@type\":\"BreadcrumbList\",\"@id\":\"https:\\\/\\\/bodrum-klimaservisi.com.tr\\\/index.php\\\/bodrum-chiller-servisi-0252-502-00-48\\\/#breadcrumb\",\"itemListElement\":[{\"@type\":\"ListItem\",\"position\":1,\"name\":\"Anasayfa\",\"item\":\"https:\\\/\\\/bodrum-klimaservisi.com.tr\\\/\"},{\"@type\":\"ListItem\",\"position\":2,\"name\":\"Bodrum Chiller Servisi 0252 502 00 48\"}]},{\"@type\":\"WebSite\",\"@id\":\"https:\\\/\\\/bodrum-klimaservisi.com.tr\\\/#website\",\"url\":\"https:\\\/\\\/bodrum-klimaservisi.com.tr\\\/\",\"name\":\"Bodrum Klima Servisi 0252 502 00 48\",\"description\":\"0252 502 00 48\",\"publisher\":{\"@id\":\"https:\\\/\\\/bodrum-klimaservisi.com.tr\\\/#organization\"},\"potentialAction\":[{\"@type\":\"SearchAction\",\"target\":{\"@type\":\"EntryPoint\",\"urlTemplate\":\"https:\\\/\\\/bodrum-klimaservisi.com.tr\\\/?s={search_term_string}\"},\"query-input\":{\"@type\":\"PropertyValueSpecification\",\"valueRequired\":true,\"valueName\":\"search_term_string\"}}],\"inLanguage\":\"tr\"},{\"@type\":\"Organization\",\"@id\":\"https:\\\/\\\/bodrum-klimaservisi.com.tr\\\/#organization\",\"name\":\"Bodrum Klima Servisi 0252 502 00 48\",\"url\":\"https:\\\/\\\/bodrum-klimaservisi.com.tr\\\/\",\"logo\":{\"@type\":\"ImageObject\",\"inLanguage\":\"tr\",\"@id\":\"https:\\\/\\\/bodrum-klimaservisi.com.tr\\\/#\\\/schema\\\/logo\\\/image\\\/\",\"url\":\"https:\\\/\\\/bodrum-klimaservisi.com.tr\\\/wp-content\\\/uploads\\\/2025\\\/02\\\/bodrum-klima-servisi-logo.jpg\",\"contentUrl\":\"https:\\\/\\\/bodrum-klimaservisi.com.tr\\\/wp-content\\\/uploads\\\/2025\\\/02\\\/bodrum-klima-servisi-logo.jpg\",\"width\":400,\"height\":121,\"caption\":\"Bodrum Klima Servisi 0252 502 00 48\"},\"image\":{\"@id\":\"https:\\\/\\\/bodrum-klimaservisi.com.tr\\\/#\\\/schema\\\/logo\\\/image\\\/\"}}]}<\/script>\n<!-- \/ Yoast SEO plugin. -->","yoast_head_json":{"title":"Bodrum Chiller Servisi 0252 502 00 48 - Bodrum Klima Servisi","description":"Bodrum Chiller Servisi 0252 502 00 48 Chiller Ar\u0131za ve Bak\u0131m Hizmetleri Servisi Ayn\u0131 G\u00fcn Hizmet 7x24 Destek 1 Y\u0131l \u0130\u015f\u00e7ilik ve Par\u00e7a Garantisi","robots":{"index":"index","follow":"follow","max-snippet":"max-snippet:-1","max-image-preview":"max-image-preview:large","max-video-preview":"max-video-preview:-1"},"canonical":"https:\/\/bodrum-klimaservisi.com.tr\/index.php\/bodrum-chiller-servisi-0252-502-00-48\/","og_locale":"tr_TR","og_type":"article","og_title":"Bodrum Chiller Servisi 0252 502 00 48 - Bodrum Klima Servisi","og_description":"Bodrum Chiller Servisi 0252 502 00 48 Chiller Ar\u0131za ve Bak\u0131m Hizmetleri Servisi Ayn\u0131 G\u00fcn Hizmet 7x24 Destek 1 Y\u0131l \u0130\u015f\u00e7ilik ve Par\u00e7a Garantisi","og_url":"https:\/\/bodrum-klimaservisi.com.tr\/index.php\/bodrum-chiller-servisi-0252-502-00-48\/","og_site_name":"Bodrum Klima Servisi","og_image":[{"width":1640,"height":924,"url":"https:\/\/bodrum-klimaservisi.com.tr\/wp-content\/uploads\/2025\/02\/chiller-servisi.png","type":"image\/png"}],"twitter_card":"summary_large_image","twitter_misc":{"Tahmini okuma s\u00fcresi":"4 dakika"},"schema":{"@context":"https:\/\/schema.org","@graph":[{"@type":"WebPage","@id":"https:\/\/bodrum-klimaservisi.com.tr\/index.php\/bodrum-chiller-servisi-0252-502-00-48\/","url":"https:\/\/bodrum-klimaservisi.com.tr\/index.php\/bodrum-chiller-servisi-0252-502-00-48\/","name":"Bodrum Chiller Servisi 0252 502 00 48 - Bodrum Klima Servisi","isPartOf":{"@id":"https:\/\/bodrum-klimaservisi.com.tr\/#website"},"primaryImageOfPage":{"@id":"https:\/\/bodrum-klimaservisi.com.tr\/index.php\/bodrum-chiller-servisi-0252-502-00-48\/#primaryimage"},"image":{"@id":"https:\/\/bodrum-klimaservisi.com.tr\/index.php\/bodrum-chiller-servisi-0252-502-00-48\/#primaryimage"},"thumbnailUrl":"https:\/\/bodrum-klimaservisi.com.tr\/wp-content\/uploads\/2025\/02\/chiller-servisi.png","datePublished":"2025-03-04T15:00:11+00:00","description":"Bodrum Chiller Servisi 0252 502 00 48 Chiller Ar\u0131za ve Bak\u0131m Hizmetleri Servisi Ayn\u0131 G\u00fcn Hizmet 7x24 Destek 1 Y\u0131l \u0130\u015f\u00e7ilik ve Par\u00e7a Garantisi","breadcrumb":{"@id":"https:\/\/bodrum-klimaservisi.com.tr\/index.php\/bodrum-chiller-servisi-0252-502-00-48\/#breadcrumb"},"inLanguage":"tr","potentialAction":[{"@type":"ReadAction","target":["https:\/\/bodrum-klimaservisi.com.tr\/index.php\/bodrum-chiller-servisi-0252-502-00-48\/"]}]},{"@type":"ImageObject","inLanguage":"tr","@id":"https:\/\/bodrum-klimaservisi.com.tr\/index.php\/bodrum-chiller-servisi-0252-502-00-48\/#primaryimage","url":"https:\/\/bodrum-klimaservisi.com.tr\/wp-content\/uploads\/2025\/02\/chiller-servisi.png","contentUrl":"https:\/\/bodrum-klimaservisi.com.tr\/wp-content\/uploads\/2025\/02\/chiller-servisi.png","width":1640,"height":924,"caption":"Bodrum Chiller Servisi"},{"@type":"BreadcrumbList","@id":"https:\/\/bodrum-klimaservisi.com.tr\/index.php\/bodrum-chiller-servisi-0252-502-00-48\/#breadcrumb","itemListElement":[{"@type":"ListItem","position":1,"name":"Anasayfa","item":"https:\/\/bodrum-klimaservisi.com.tr\/"},{"@type":"ListItem","position":2,"name":"Bodrum Chiller Servisi 0252 502 00 48"}]},{"@type":"WebSite","@id":"https:\/\/bodrum-klimaservisi.com.tr\/#website","url":"https:\/\/bodrum-klimaservisi.com.tr\/","name":"Bodrum Klima Servisi 0252 502 00 48","description":"0252 502 00 48","publisher":{"@id":"https:\/\/bodrum-klimaservisi.com.tr\/#organization"},"potentialAction":[{"@type":"SearchAction","target":{"@type":"EntryPoint","urlTemplate":"https:\/\/bodrum-klimaservisi.com.tr\/?s={search_term_string}"},"query-input":{"@type":"PropertyValueSpecification","valueRequired":true,"valueName":"search_term_string"}}],"inLanguage":"tr"},{"@type":"Organization","@id":"https:\/\/bodrum-klimaservisi.com.tr\/#organization","name":"Bodrum Klima Servisi 0252 502 00 48","url":"https:\/\/bodrum-klimaservisi.com.tr\/","logo":{"@type":"ImageObject","inLanguage":"tr","@id":"https:\/\/bodrum-klimaservisi.com.tr\/#\/schema\/logo\/image\/","url":"https:\/\/bodrum-klimaservisi.com.tr\/wp-content\/uploads\/2025\/02\/bodrum-klima-servisi-logo.jpg","contentUrl":"https:\/\/bodrum-klimaservisi.com.tr\/wp-content\/uploads\/2025\/02\/bodrum-klima-servisi-logo.jpg","width":400,"height":121,"caption":"Bodrum Klima Servisi 0252 502 00 48"},"image":{"@id":"https:\/\/bodrum-klimaservisi.com.tr\/#\/schema\/logo\/image\/"}}]}},"_links":{"self":[{"href":"https:\/\/bodrum-klimaservisi.com.tr\/index.php\/wp-json\/wp\/v2\/pages\/747","targetHints":{"allow":["GET"]}}],"collection":[{"href":"https:\/\/bodrum-klimaservisi.com.tr\/index.php\/wp-json\/wp\/v2\/pages"}],"about":[{"href":"https:\/\/bodrum-klimaservisi.com.tr\/index.php\/wp-json\/wp\/v2\/types\/page"}],"author":[{"embeddable":true,"href":"https:\/\/bodrum-klimaservisi.com.tr\/index.php\/wp-json\/wp\/v2\/users\/1"}],"replies":[{"embeddable":true,"href":"https:\/\/bodrum-klimaservisi.com.tr\/index.php\/wp-json\/wp\/v2\/comments?post=747"}],"version-history":[{"count":2,"href":"https:\/\/bodrum-klimaservisi.com.tr\/index.php\/wp-json\/wp\/v2\/pages\/747\/revisions"}],"predecessor-version":[{"id":749,"href":"https:\/\/bodrum-klimaservisi.com.tr\/index.php\/wp-json\/wp\/v2\/pages\/747\/revisions\/749"}],"wp:attachment":[{"href":"https:\/\/bodrum-klimaservisi.com.tr\/index.php\/wp-json\/wp\/v2\/media?parent=747"}],"curies":[{"name":"wp","href":"https:\/\/api.w.org\/{rel}","templated":true}]}}